{"id":2288,"date":"2020-03-02T18:13:09","date_gmt":"2020-03-02T17:13:09","guid":{"rendered":"https:\/\/www.wunder-der-stadt.com\/?post_type=product&#038;p=2288"},"modified":"2025-01-20T15:49:20","modified_gmt":"2025-01-20T14:49:20","slug":"munich-2-hours-city-tour","status":"publish","type":"product","link":"https:\/\/www.wunder-der-stadt.com\/fr\/tours\/munich-2-hours-city-tour\/","title":{"rendered":"Munich &#8211; 2h city walking tour in the old town"},"content":{"rendered":"<div id=\"conteneur\">\n<div id=\"visite\">\n<div id=\"texte_visite\">\n<p>Munich it&#8217;s much more than the Oktoberfest ! Discover the city in a 2 hours walking tour in the Munich old town&#8230;<\/p>\n<p><strong>Head to the streets of Munich on a 2 hours walking tour of the city for a unique view of the Bavarian capital and more intimate experience with an Expert Tour Guide.<br \/>\n<\/strong>Explore the famous Marien-Square\u00a0 and enjoy the chiming-clock, have a Brezl at the Viktualien-Market and listen to the story behind Germany&#8217;s legendary Hofbr\u00e4uhaus brewery,\u00a0 have a look at the beautiful Theatine barock church and learn about the story of the french princess who let it build, enjoy the representative Munich of the 19th century and the kings of Bavaria, walk along the impressive luxurious Maximilian avenue and the Opera and learn about the Odeon-Square and history the Beer Hall Putsch of 1923, that lead to the<a href=\"https:\/\/www.wunder-der-stadt.com\/tours\/munich-the-national-socialism\/\"> nazi-regime and World War II<\/a>&#8230;<\/p>\n<p>You will discover a city that will surprise you! Strap on your walking shoes and get ready to experience <a href=\"https:\/\/www.muenchen.de\/en\/home\">Munich<\/a>.<\/p>\n<\/div>\n<\/div>\n<\/div>\n<p>&nbsp;<\/p>\n<p><!--more--><\/p>\n<table class=\"table table-bordered tours-tabs__table\" style=\"height: 233px;\" width=\"862\">\n<tbody>\n<tr>\n<td><strong>Start<\/strong><\/td>\n<td>Munich &#8211; Marienplatz<\/td>\n<\/tr>\n<tr>\n<td><b>Duration<\/b><\/td>\n<td>max. 2 hours<\/td>\n<\/tr>\n<tr>\n<td><b>Fare<\/b><\/td>\n<td>\n<p class=\"p1\"><span class=\"s1\">220,00\u20ac<span class=\"Apple-converted-space\">\u00a0 \/ tour <\/span>\u2013 19% VAT included<br \/>\n<\/span><\/p>\n<\/td>\n<\/tr>\n<tr>\n<td><strong>Number of participant<br \/>\n<\/strong><\/td>\n<td>\n<p class=\"p1\"><span class=\"s1\">max. 25 persons \/ group<br \/>\n<\/span><\/p>\n<\/td>\n<\/tr>\n<\/tbody>\n<\/table>\n<p>&nbsp;<\/p>\n","protected":false},"excerpt":{"rendered":"<p>Munich it&#8217;s much more than the Oktoberfest ! Discover the city in a 2 hours walking tour in the Munich old town&#8230; Head to the streets of Munich on a 2 hours walking tour of the city for a unique view of the Bavarian capital and more intimate experience with an Expert Tour Guide. Explore<\/p>\n<div class=\"padding-top text-center\"><a href=\"https:\/\/www.wunder-der-stadt.com\/fr\/tours\/munich-2-hours-city-tour\/\" class=\"atbtn atbtn--medium atbtn--rounded atbtn--transparent\">Weiterlesen<i class=\"atbtn__icon atbtn__icon--right fa fa-long-arrow-right\"><\/i><\/a><\/div>\n","protected":false},"featured_media":1382,"template":"","meta":[],"product_cat":[103],"product_tag":[173,177,174,176,115,175],"translation":{"provider":"WPGlobus","version":"3.0.2","language":"fr","enabled_languages":["de","en","fr","es"],"languages":{"de":{"title":true,"content":true,"excerpt":false},"en":{"title":false,"content":false,"excerpt":false},"fr":{"title":false,"content":false,"excerpt":false},"es":{"title":false,"content":false,"excerpt":false}}},"yoast_head":"<!-- This site is optimized with the Yoast SEO plugin v22.0 - https:\/\/yoast.com\/wordpress\/plugins\/seo\/ -->\n<title>Munich - 2h city walking tour in the Munich old town<\/title>\n<meta name=\"robots\" content=\"index, follow, max-snippet:-1, max-image-preview:large, max-video-preview:-1\" \/>\n<link rel=\"canonical\" href=\"https:\/\/www.wunder-der-stadt.com\/tours\/munich-2-hours-city-tour\/\" \/>\n<meta property=\"og:locale\" content=\"fr_FR\" \/>\n<meta property=\"og:type\" content=\"article\" \/>\n<meta property=\"og:title\" content=\"Munich - 2h city walking tour in the old town - Wunder der Stadt - Visites guid\u00e9es \u00e0 Munich et en Bavi\u00e8re\" \/>\n<meta property=\"og:url\" content=\"https:\/\/www.wunder-der-stadt.com\/tours\/munich-2-hours-city-tour\/\" \/>\n<meta property=\"og:site_name\" content=\"Wunder der Stadt - Visites guid\u00e9es \u00e0 Munich et en Bavi\u00e8re\" \/>\n<meta property=\"article:modified_time\" content=\"2025-01-20T14:49:20+00:00\" \/>\n<meta property=\"og:image\" content=\"https:\/\/www.wunder-der-stadt.com\/wp-content\/uploads\/Kombi_Stadtrundfahrt_Stadtrundgang.jpg\" \/>\n\t<meta property=\"og:image:width\" content=\"1400\" \/>\n\t<meta property=\"og:image:height\" content=\"600\" \/>\n\t<meta property=\"og:image:type\" content=\"image\/jpeg\" \/>\n<meta name=\"twitter:card\" content=\"summary_large_image\" \/>\n<meta name=\"twitter:label1\" content=\"Est. reading time\" \/>\n\t<meta name=\"twitter:data1\" content=\"2 minutes\" \/>\n<script type=\"application\/ld+json\" class=\"yoast-schema-graph\">{\"@context\":\"https:\/\/schema.org\",\"@graph\":[{\"@type\":\"WebPage\",\"@id\":\"https:\/\/www.wunder-der-stadt.com\/tours\/munich-2-hours-city-tour\/\",\"url\":\"https:\/\/www.wunder-der-stadt.com\/tours\/munich-2-hours-city-tour\/\",\"name\":\"Munich - 2h city walking tour in the Munich old town\",\"isPartOf\":{\"@id\":\"https:\/\/www.wunder-der-stadt.com\/#website\"},\"datePublished\":\"2020-03-02T17:13:09+00:00\",\"dateModified\":\"2025-01-20T14:49:20+00:00\",\"description\":\"A 2 hours city walking tour in the Munich old town - Explore the most famous sights of the city - Hofbr\u00e4uhaus, Marien-Square, the Viktualien market...\",\"breadcrumb\":{\"@id\":\"https:\/\/www.wunder-der-stadt.com\/tours\/munich-2-hours-city-tour\/#breadcrumb\"},\"inLanguage\":\"fr-FR\",\"potentialAction\":[{\"@type\":\"ReadAction\",\"target\":[\"https:\/\/www.wunder-der-stadt.com\/tours\/munich-2-hours-city-tour\/\"]}]},{\"@type\":\"BreadcrumbList\",\"@id\":\"https:\/\/www.wunder-der-stadt.com\/tours\/munich-2-hours-city-tour\/#breadcrumb\",\"itemListElement\":[{\"@type\":\"ListItem\",\"position\":1,\"name\":\"Startseite\",\"item\":\"https:\/\/www.wunder-der-stadt.com\/\"},{\"@type\":\"ListItem\",\"position\":2,\"name\":\"Produkte\",\"item\":\"https:\/\/www.wunder-der-stadt.com\/shop\/\"},{\"@type\":\"ListItem\",\"position\":3,\"name\":\"Munich &#8211; 2h city walking tour in the old town\"}]},{\"@type\":\"WebSite\",\"@id\":\"https:\/\/www.wunder-der-stadt.com\/#website\",\"url\":\"https:\/\/www.wunder-der-stadt.com\/\",\"name\":\"{:de}Wunder der Stadt - Stadtf\u00fchrungen in M\u00fcnchen und Oberbayern{:}{:fr}Wunder der Stadt - Visites guid\u00e9es \u00e0 Munich et en Bavi\u00e8re{:}\",\"description\":\"Votre partenaire pour vos voyages d&#039;affaires, voyages priv\u00e9s \u00e0 Munich et en Bavi\u00e8re\",\"publisher\":{\"@id\":\"https:\/\/www.wunder-der-stadt.com\/#\/schema\/person\/7ac5370c8e8a38b0625e279f3af2d701\"},\"potentialAction\":[{\"@type\":\"SearchAction\",\"target\":{\"@type\":\"EntryPoint\",\"urlTemplate\":\"https:\/\/www.wunder-der-stadt.com\/?s={search_term_string}\"},\"query-input\":\"required name=search_term_string\"}],\"inLanguage\":\"fr-FR\"},{\"@type\":[\"Person\",\"Organization\"],\"@id\":\"https:\/\/www.wunder-der-stadt.com\/#\/schema\/person\/7ac5370c8e8a38b0625e279f3af2d701\",\"name\":\"Admin\",\"logo\":{\"@id\":\"https:\/\/www.wunder-der-stadt.com\/#\/schema\/person\/image\/\"}}]}<\/script>\n<!-- \/ Yoast SEO plugin. -->","yoast_head_json":{"title":"Munich - 2h city walking tour in the Munich old town","robots":{"index":"index","follow":"follow","max-snippet":"max-snippet:-1","max-image-preview":"max-image-preview:large","max-video-preview":"max-video-preview:-1"},"canonical":"https:\/\/www.wunder-der-stadt.com\/tours\/munich-2-hours-city-tour\/","og_locale":"fr_FR","og_type":"article","og_title":"Munich - 2h city walking tour in the old town - Wunder der Stadt - Visites guid\u00e9es \u00e0 Munich et en Bavi\u00e8re","og_url":"https:\/\/www.wunder-der-stadt.com\/tours\/munich-2-hours-city-tour\/","og_site_name":"Wunder der Stadt - Visites guid\u00e9es \u00e0 Munich et en Bavi\u00e8re","article_modified_time":"2025-01-20T14:49:20+00:00","og_image":[{"width":1400,"height":600,"url":"https:\/\/www.wunder-der-stadt.com\/wp-content\/uploads\/Kombi_Stadtrundfahrt_Stadtrundgang.jpg","type":"image\/jpeg"}],"twitter_card":"summary_large_image","twitter_misc":{"Est. reading time":"2 minutes"},"schema":{"@context":"https:\/\/schema.org","@graph":[{"@type":"WebPage","@id":"https:\/\/www.wunder-der-stadt.com\/tours\/munich-2-hours-city-tour\/","url":"https:\/\/www.wunder-der-stadt.com\/tours\/munich-2-hours-city-tour\/","name":"Munich - 2h city walking tour in the Munich old town","isPartOf":{"@id":"https:\/\/www.wunder-der-stadt.com\/#website"},"datePublished":"2020-03-02T17:13:09+00:00","dateModified":"2025-01-20T14:49:20+00:00","description":"A 2 hours city walking tour in the Munich old town - Explore the most famous sights of the city - Hofbr\u00e4uhaus, Marien-Square, the Viktualien market...","breadcrumb":{"@id":"https:\/\/www.wunder-der-stadt.com\/tours\/munich-2-hours-city-tour\/#breadcrumb"},"inLanguage":"fr-FR","potentialAction":[{"@type":"ReadAction","target":["https:\/\/www.wunder-der-stadt.com\/tours\/munich-2-hours-city-tour\/"]}]},{"@type":"BreadcrumbList","@id":"https:\/\/www.wunder-der-stadt.com\/tours\/munich-2-hours-city-tour\/#breadcrumb","itemListElement":[{"@type":"ListItem","position":1,"name":"Startseite","item":"https:\/\/www.wunder-der-stadt.com\/"},{"@type":"ListItem","position":2,"name":"Produkte","item":"https:\/\/www.wunder-der-stadt.com\/shop\/"},{"@type":"ListItem","position":3,"name":"Munich &#8211; 2h city walking tour in the old town"}]},{"@type":"WebSite","@id":"https:\/\/www.wunder-der-stadt.com\/#website","url":"https:\/\/www.wunder-der-stadt.com\/","name":"{:de}Wunder der Stadt - Stadtf\u00fchrungen in M\u00fcnchen und Oberbayern{:}{:fr}Wunder der Stadt - Visites guid\u00e9es \u00e0 Munich et en Bavi\u00e8re{:}","description":"Votre partenaire pour vos voyages d&#039;affaires, voyages priv\u00e9s \u00e0 Munich et en Bavi\u00e8re","publisher":{"@id":"https:\/\/www.wunder-der-stadt.com\/#\/schema\/person\/7ac5370c8e8a38b0625e279f3af2d701"},"potentialAction":[{"@type":"SearchAction","target":{"@type":"EntryPoint","urlTemplate":"https:\/\/www.wunder-der-stadt.com\/?s={search_term_string}"},"query-input":"required name=search_term_string"}],"inLanguage":"fr-FR"},{"@type":["Person","Organization"],"@id":"https:\/\/www.wunder-der-stadt.com\/#\/schema\/person\/7ac5370c8e8a38b0625e279f3af2d701","name":"Admin","logo":{"@id":"https:\/\/www.wunder-der-stadt.com\/#\/schema\/person\/image\/"}}]}},"_links":{"self":[{"href":"https:\/\/www.wunder-der-stadt.com\/fr\/wp-json\/wp\/v2\/product\/2288"}],"collection":[{"href":"https:\/\/www.wunder-der-stadt.com\/fr\/wp-json\/wp\/v2\/product"}],"about":[{"href":"https:\/\/www.wunder-der-stadt.com\/fr\/wp-json\/wp\/v2\/types\/product"}],"wp:featuredmedia":[{"embeddable":true,"href":"https:\/\/www.wunder-der-stadt.com\/fr\/wp-json\/wp\/v2\/media\/1382"}],"wp:attachment":[{"href":"https:\/\/www.wunder-der-stadt.com\/fr\/wp-json\/wp\/v2\/media?parent=2288"}],"wp:term":[{"taxonomy":"product_cat","embeddable":true,"href":"https:\/\/www.wunder-der-stadt.com\/fr\/wp-json\/wp\/v2\/product_cat?post=2288"},{"taxonomy":"product_tag","embeddable":true,"href":"https:\/\/www.wunder-der-stadt.com\/fr\/wp-json\/wp\/v2\/product_tag?post=2288"}],"curies":[{"name":"wp","href":"https:\/\/api.w.org\/{rel}","templated":true}]}}