{"id":2314,"date":"2020-03-09T15:08:57","date_gmt":"2020-03-09T14:08:57","guid":{"rendered":"https:\/\/www.wunder-der-stadt.com\/?post_type=product&#038;p=2314"},"modified":"2025-01-20T15:57:03","modified_gmt":"2025-01-20T14:57:03","slug":"guided-tour-the-palace-of-nymphenburg-and-amalienburg","status":"publish","type":"product","link":"https:\/\/www.wunder-der-stadt.com\/fr\/tours\/guided-tour-the-palace-of-nymphenburg-and-amalienburg\/","title":{"rendered":"The palace of Nymphenburg and the hunting lodge of Amalienburg"},"content":{"rendered":"<p>A guided tour of the palace of Nymphenburg and the hunting lodge of Amalienburg in Munich.<\/p>\n<p>The palace of Nymphenburg and the hunting lodge of Amalienburg belong to the treasures of the Bavarian Baroque and Rococo in <a href=\"https:\/\/www.wunder-der-stadt.com\/en\/tours\/munich-2-hours-city-tour\/\">Munich<\/a>.<\/p>\n<p><span lang=\"en\">The history of the palace of Nymphenburg is also the history of a French princess &#8211; Henriette-Adelaide of Savoy. Granddaughter of King Henry IV of France and Mary de Medici, niece of Louis XIII and cousin of the Sun King Louis XIV, Henriette belonged to the highest European nobility at the XVII century. A very good catch for Ferdinand Maria, Elector of Bavaria with whom she will be engaged at the age of 14 before being married by proxy at the age of 15. <\/span><\/p>\n<p><span lang=\"en\">A year later she arrived in Munich without knowing either her husband or her new country. <\/span><span lang=\"en\">But she was determined to inject a breath of fresh air to the Bavarian court and she brought the baroque arts &#8211; painting, music and architecture &#8211; in her suitcases.<\/span><\/p>\n<p>After hoping and waiting 12 long years for a heir, Henriette gave 1662 birth to a boy. Ferdinand expressed his deep thanks and satisfaction to his wife and offered her a palace !<\/p>\n<p>The palace of Nymphenburg was also the place of birth of King Ludwig II, who later will let built the world famous castle of Neuschwanstein !<\/p>\n<p><span lang=\"en\">From April to October 15, the hunting lodge Amalienburg of Empress Maria-Amelia invites us to take a stroll through the Nymphenburg park and discover a small Trianon made by the great master of the Bavarian rococo Francois Cuvilli\u00e9s !<\/span><\/p>\n<p><span lang=\"en\">This guided tour in the palace of Nymphenburg is also recommended <a href=\"https:\/\/www.wunder-der-stadt.com\/en\/schulklassen\/\">for school groups. <\/a>Please send us an e-mail concerning special rates for school groups.<\/span><\/p>\n<div id=\"tw-target-rmn-container\" class=\"tw-ta-container tw-nfl\">\n<pre id=\"tw-target-rmn\" class=\"tw-data-placeholder tw-text-small tw-ta\" dir=\"ltr\" data-placeholder=\"\"><\/pre>\n<\/div>\n<p><!--more--><\/p>\n<table class=\"table table-bordered tours-tabs__table\" style=\"height: 233px;\" width=\"862\">\n<tbody>\n<tr>\n<td><strong>Start<\/strong><\/td>\n<td>\n<p class=\"p1\">Entrance of the Nymphenburg Palace<\/p>\n<\/td>\n<\/tr>\n<tr>\n<td><b>Duration<\/b><\/td>\n<td>max. 2 hours<\/td>\n<\/tr>\n<tr>\n<td><b>Fare<\/b><\/td>\n<td>\n<p class=\"p1\"><span class=\"s1\">220,00 \u20ac \/ group &#8211; 19% VAT included.<br \/>\nnon included : Ticket in the palace (free of charge till 18 years old)<br \/>\n<\/span><\/p>\n<p class=\"p1\"><a href=\"https:\/\/www.schloss-nymphenburg.de\/englisch\/tourist\/index.htm\"><span class=\"s1\">https:\/\/www.schloss-nymphenburg.de\/englisch\/tourist\/index.htm<\/span><\/a><\/p>\n<\/td>\n<\/tr>\n<tr>\n<td><strong>Number of participants<\/strong><\/td>\n<td>\n<p class=\"p1\"><span class=\"s1\">max. 20 persons<\/span><\/p>\n<\/td>\n<\/tr>\n<\/tbody>\n<\/table>\n<p>&nbsp;<\/p>\n","protected":false},"excerpt":{"rendered":"<p>A guided tour of the palace of Nymphenburg and the hunting lodge of Amalienburg in Munich. The palace of Nymphenburg and the hunting lodge of Amalienburg belong to the treasures of the Bavarian Baroque and Rococo in Munich. The history of the palace of Nymphenburg is also the history of a French princess &#8211; Henriette-Adelaide<\/p>\n<div class=\"padding-top text-center\"><a href=\"https:\/\/www.wunder-der-stadt.com\/fr\/tours\/guided-tour-the-palace-of-nymphenburg-and-amalienburg\/\" class=\"atbtn atbtn--medium atbtn--rounded atbtn--transparent\">Weiterlesen<i class=\"atbtn__icon atbtn__icon--right fa fa-long-arrow-right\"><\/i><\/a><\/div>\n","protected":false},"featured_media":2310,"template":"","meta":[],"product_cat":[103],"product_tag":[186,189,191,188,131,185,190],"translation":{"provider":"WPGlobus","version":"3.0.2","language":"fr","enabled_languages":["de","en","fr","es"],"languages":{"de":{"title":true,"content":true,"excerpt":false},"en":{"title":false,"content":false,"excerpt":false},"fr":{"title":false,"content":false,"excerpt":false},"es":{"title":false,"content":false,"excerpt":false}}},"yoast_head":"<!-- This site is optimized with the Yoast SEO plugin v22.0 - https:\/\/yoast.com\/wordpress\/plugins\/seo\/ -->\n<title>guided tour of the palaces of Nymphenburg and Amalienburg -<\/title>\n<meta name=\"robots\" content=\"index, follow, max-snippet:-1, max-image-preview:large, max-video-preview:-1\" \/>\n<link rel=\"canonical\" href=\"https:\/\/www.wunder-der-stadt.com\/tours\/guided-tour-the-palace-of-nymphenburg-and-amalienburg\/\" \/>\n<meta property=\"og:locale\" content=\"fr_FR\" \/>\n<meta property=\"og:type\" content=\"article\" \/>\n<meta property=\"og:title\" content=\"The palace of Nymphenburg and the hunting lodge of Amalienburg - Wunder der Stadt - Visites guid\u00e9es \u00e0 Munich et en Bavi\u00e8re\" \/>\n<meta property=\"og:url\" content=\"https:\/\/www.wunder-der-stadt.com\/tours\/guided-tour-the-palace-of-nymphenburg-and-amalienburg\/\" \/>\n<meta property=\"og:site_name\" content=\"Wunder der Stadt - Visites guid\u00e9es \u00e0 Munich et en Bavi\u00e8re\" \/>\n<meta property=\"article:modified_time\" content=\"2025-01-20T14:57:03+00:00\" \/>\n<meta property=\"og:image\" content=\"https:\/\/www.wunder-der-stadt.com\/wp-content\/uploads\/nymphenburg-vorderseite-mit-brunnen1.jpg\" \/>\n\t<meta property=\"og:image:width\" content=\"653\" \/>\n\t<meta property=\"og:image:height\" content=\"438\" \/>\n\t<meta property=\"og:image:type\" content=\"image\/jpeg\" \/>\n<meta name=\"twitter:card\" content=\"summary_large_image\" \/>\n<meta name=\"twitter:label1\" content=\"Est. reading time\" \/>\n\t<meta name=\"twitter:data1\" content=\"3 minutes\" \/>\n<script type=\"application\/ld+json\" class=\"yoast-schema-graph\">{\"@context\":\"https:\/\/schema.org\",\"@graph\":[{\"@type\":\"WebPage\",\"@id\":\"https:\/\/www.wunder-der-stadt.com\/tours\/guided-tour-the-palace-of-nymphenburg-and-amalienburg\/\",\"url\":\"https:\/\/www.wunder-der-stadt.com\/tours\/guided-tour-the-palace-of-nymphenburg-and-amalienburg\/\",\"name\":\"guided tour of the palaces of Nymphenburg and Amalienburg -\",\"isPartOf\":{\"@id\":\"https:\/\/www.wunder-der-stadt.com\/#website\"},\"datePublished\":\"2020-03-09T14:08:57+00:00\",\"dateModified\":\"2025-01-20T14:57:03+00:00\",\"description\":\"The perfect guided tour to discover the palace of Nymphenburg and the hunting lodge Amalienburg, treasures of the Bavarian Baroque and Rococo\",\"breadcrumb\":{\"@id\":\"https:\/\/www.wunder-der-stadt.com\/tours\/guided-tour-the-palace-of-nymphenburg-and-amalienburg\/#breadcrumb\"},\"inLanguage\":\"fr-FR\",\"potentialAction\":[{\"@type\":\"ReadAction\",\"target\":[\"https:\/\/www.wunder-der-stadt.com\/tours\/guided-tour-the-palace-of-nymphenburg-and-amalienburg\/\"]}]},{\"@type\":\"BreadcrumbList\",\"@id\":\"https:\/\/www.wunder-der-stadt.com\/tours\/guided-tour-the-palace-of-nymphenburg-and-amalienburg\/#breadcrumb\",\"itemListElement\":[{\"@type\":\"ListItem\",\"position\":1,\"name\":\"Startseite\",\"item\":\"https:\/\/www.wunder-der-stadt.com\/\"},{\"@type\":\"ListItem\",\"position\":2,\"name\":\"Produkte\",\"item\":\"https:\/\/www.wunder-der-stadt.com\/shop\/\"},{\"@type\":\"ListItem\",\"position\":3,\"name\":\"The palace of Nymphenburg and the hunting lodge of Amalienburg\"}]},{\"@type\":\"WebSite\",\"@id\":\"https:\/\/www.wunder-der-stadt.com\/#website\",\"url\":\"https:\/\/www.wunder-der-stadt.com\/\",\"name\":\"{:de}Wunder der Stadt - Stadtf\u00fchrungen in M\u00fcnchen und Oberbayern{:}{:fr}Wunder der Stadt - Visites guid\u00e9es \u00e0 Munich et en Bavi\u00e8re{:}\",\"description\":\"Votre partenaire pour vos voyages d&#039;affaires, voyages priv\u00e9s \u00e0 Munich et en Bavi\u00e8re\",\"publisher\":{\"@id\":\"https:\/\/www.wunder-der-stadt.com\/#\/schema\/person\/7ac5370c8e8a38b0625e279f3af2d701\"},\"potentialAction\":[{\"@type\":\"SearchAction\",\"target\":{\"@type\":\"EntryPoint\",\"urlTemplate\":\"https:\/\/www.wunder-der-stadt.com\/?s={search_term_string}\"},\"query-input\":\"required name=search_term_string\"}],\"inLanguage\":\"fr-FR\"},{\"@type\":[\"Person\",\"Organization\"],\"@id\":\"https:\/\/www.wunder-der-stadt.com\/#\/schema\/person\/7ac5370c8e8a38b0625e279f3af2d701\",\"name\":\"Admin\",\"logo\":{\"@id\":\"https:\/\/www.wunder-der-stadt.com\/#\/schema\/person\/image\/\"}}]}<\/script>\n<!-- \/ Yoast SEO plugin. -->","yoast_head_json":{"title":"guided tour of the palaces of Nymphenburg and Amalienburg -","robots":{"index":"index","follow":"follow","max-snippet":"max-snippet:-1","max-image-preview":"max-image-preview:large","max-video-preview":"max-video-preview:-1"},"canonical":"https:\/\/www.wunder-der-stadt.com\/tours\/guided-tour-the-palace-of-nymphenburg-and-amalienburg\/","og_locale":"fr_FR","og_type":"article","og_title":"The palace of Nymphenburg and the hunting lodge of Amalienburg - Wunder der Stadt - Visites guid\u00e9es \u00e0 Munich et en Bavi\u00e8re","og_url":"https:\/\/www.wunder-der-stadt.com\/tours\/guided-tour-the-palace-of-nymphenburg-and-amalienburg\/","og_site_name":"Wunder der Stadt - Visites guid\u00e9es \u00e0 Munich et en Bavi\u00e8re","article_modified_time":"2025-01-20T14:57:03+00:00","og_image":[{"width":653,"height":438,"url":"https:\/\/www.wunder-der-stadt.com\/wp-content\/uploads\/nymphenburg-vorderseite-mit-brunnen1.jpg","type":"image\/jpeg"}],"twitter_card":"summary_large_image","twitter_misc":{"Est. reading time":"3 minutes"},"schema":{"@context":"https:\/\/schema.org","@graph":[{"@type":"WebPage","@id":"https:\/\/www.wunder-der-stadt.com\/tours\/guided-tour-the-palace-of-nymphenburg-and-amalienburg\/","url":"https:\/\/www.wunder-der-stadt.com\/tours\/guided-tour-the-palace-of-nymphenburg-and-amalienburg\/","name":"guided tour of the palaces of Nymphenburg and Amalienburg -","isPartOf":{"@id":"https:\/\/www.wunder-der-stadt.com\/#website"},"datePublished":"2020-03-09T14:08:57+00:00","dateModified":"2025-01-20T14:57:03+00:00","description":"The perfect guided tour to discover the palace of Nymphenburg and the hunting lodge Amalienburg, treasures of the Bavarian Baroque and Rococo","breadcrumb":{"@id":"https:\/\/www.wunder-der-stadt.com\/tours\/guided-tour-the-palace-of-nymphenburg-and-amalienburg\/#breadcrumb"},"inLanguage":"fr-FR","potentialAction":[{"@type":"ReadAction","target":["https:\/\/www.wunder-der-stadt.com\/tours\/guided-tour-the-palace-of-nymphenburg-and-amalienburg\/"]}]},{"@type":"BreadcrumbList","@id":"https:\/\/www.wunder-der-stadt.com\/tours\/guided-tour-the-palace-of-nymphenburg-and-amalienburg\/#breadcrumb","itemListElement":[{"@type":"ListItem","position":1,"name":"Startseite","item":"https:\/\/www.wunder-der-stadt.com\/"},{"@type":"ListItem","position":2,"name":"Produkte","item":"https:\/\/www.wunder-der-stadt.com\/shop\/"},{"@type":"ListItem","position":3,"name":"The palace of Nymphenburg and the hunting lodge of Amalienburg"}]},{"@type":"WebSite","@id":"https:\/\/www.wunder-der-stadt.com\/#website","url":"https:\/\/www.wunder-der-stadt.com\/","name":"{:de}Wunder der Stadt - Stadtf\u00fchrungen in M\u00fcnchen und Oberbayern{:}{:fr}Wunder der Stadt - Visites guid\u00e9es \u00e0 Munich et en Bavi\u00e8re{:}","description":"Votre partenaire pour vos voyages d&#039;affaires, voyages priv\u00e9s \u00e0 Munich et en Bavi\u00e8re","publisher":{"@id":"https:\/\/www.wunder-der-stadt.com\/#\/schema\/person\/7ac5370c8e8a38b0625e279f3af2d701"},"potentialAction":[{"@type":"SearchAction","target":{"@type":"EntryPoint","urlTemplate":"https:\/\/www.wunder-der-stadt.com\/?s={search_term_string}"},"query-input":"required name=search_term_string"}],"inLanguage":"fr-FR"},{"@type":["Person","Organization"],"@id":"https:\/\/www.wunder-der-stadt.com\/#\/schema\/person\/7ac5370c8e8a38b0625e279f3af2d701","name":"Admin","logo":{"@id":"https:\/\/www.wunder-der-stadt.com\/#\/schema\/person\/image\/"}}]}},"_links":{"self":[{"href":"https:\/\/www.wunder-der-stadt.com\/fr\/wp-json\/wp\/v2\/product\/2314"}],"collection":[{"href":"https:\/\/www.wunder-der-stadt.com\/fr\/wp-json\/wp\/v2\/product"}],"about":[{"href":"https:\/\/www.wunder-der-stadt.com\/fr\/wp-json\/wp\/v2\/types\/product"}],"wp:featuredmedia":[{"embeddable":true,"href":"https:\/\/www.wunder-der-stadt.com\/fr\/wp-json\/wp\/v2\/media\/2310"}],"wp:attachment":[{"href":"https:\/\/www.wunder-der-stadt.com\/fr\/wp-json\/wp\/v2\/media?parent=2314"}],"wp:term":[{"taxonomy":"product_cat","embeddable":true,"href":"https:\/\/www.wunder-der-stadt.com\/fr\/wp-json\/wp\/v2\/product_cat?post=2314"},{"taxonomy":"product_tag","embeddable":true,"href":"https:\/\/www.wunder-der-stadt.com\/fr\/wp-json\/wp\/v2\/product_tag?post=2314"}],"curies":[{"name":"wp","href":"https:\/\/api.w.org\/{rel}","templated":true}]}}