{"id":2518,"date":"2024-01-04T16:04:15","date_gmt":"2024-01-04T15:04:15","guid":{"rendered":"https:\/\/www.wunder-der-stadt.com\/?post_type=product&#038;p=2518"},"modified":"2026-01-10T16:52:47","modified_gmt":"2026-01-10T15:52:47","slug":"pour-groupes-scolaires-la-residence-450-ans-de-la-vie-des-wittelsbachs","status":"publish","type":"product","link":"https:\/\/www.wunder-der-stadt.com\/fr\/tours\/pour-groupes-scolaires-la-residence-450-ans-de-la-vie-des-wittelsbachs\/","title":{"rendered":"Pour groupes scolaires : La R\u00e9sidence &#8211; 450 ans de la vie des Wittelsbachs"},"content":{"rendered":"<p><span style=\"font-size: 14pt;\"><strong>La R\u00e9sidence &#8211; Le palais des Wittelsbachs<\/strong><\/span><\/p>\n<p>Construite sur plus de quatre si\u00e8cles ce palais est jusqu&#8217;en 1919 r\u00e9sidence munichoise. C&#8217;est dans ce palais que se jouera 450 ans de la vie des Wittelsbachs et de la Bavi\u00e8re.<\/p>\n<p>La <a href=\"https:\/\/www.residenz-muenchen.de\/\">R\u00e9sidence<\/a> provoque \u00e0 son \u00e9poque la jalousie des empereurs et rois d&#8217;Europe. Certains l&#8217;admire et veulent la d\u00e9monter pour l&#8217;emporter, d&#8217;autres la consid\u00e8re comme une source d&#8217;inspiration. Au cours des si\u00e8cles, elle voit passer les ducs, les princes-\u00e9lectuers et les rois de Bavi\u00e8re. L&#8217;empereur Napol\u00e9on s&#8217;y installe au XIX\u00e8me, pour en 1806 dans &#8220;le salon vert&#8221;, faire du duch\u00e9 de Bavi\u00e8re un royaume ! Le G\u00e9neral Du Gaulle et la Reine Elisabeth II du Royaume Uni y s\u00e9journeront lors de leurs passages dans la capitale bavaroise.<\/p>\n<p>Au cours du XX\u00e8me si\u00e8cle, la R\u00e9sidence est compl\u00e8tement an\u00e9antie en juillet 1944 par les bombardements de<a href=\"https:\/\/www.wunder-der-stadt.com\/tours\/fr-le-nazisme-munich\/\"> la 2nd guerre mondiale<\/a>.<\/p>\n<p>Il faut tout l&#8217;amour des Munichois \u00e0 leur patrimoine culturel et un travail immense pour reconstruire ce superbe palais.<\/p>\n<p>Aujourd&#8217;hui la r\u00e9sidence offre aux visiteurs ses tr\u00e9sors, son histoire pationnante et ses annecdotes croustillantes !<\/p>\n<p>Cette visite guid\u00e9e de la R\u00e9sidence de Munich est sp\u00e9cialement con\u00e7ue pour les coll\u00e9giens et les lyc\u00e9ens. et recommand\u00e9e pour les <a href=\"https:\/\/www.wunder-der-stadt.com\/fr\/groupes-scolaires\/\">groupes-scolaires. <\/a>Une visite id\u00e9ale pour prouver \u00e0 vos \u00e9l\u00e8ves que l\u2019histoire est vivante, passionnante, dramatique et dr\u00f4le \u00e0 la fois !<\/p>\n<p>&nbsp;<\/p>\n<p><!--more--><\/p>\n<table class=\"table table-bordered tours-tabs__table\" style=\"height: 233px;\" width=\"862\">\n<tbody>\n<tr>\n<td><strong>D\u00e9part<\/strong><\/td>\n<td>\n<p class=\"p1\">La R\u00e9sisence de Munich &#8211; Max-Josef-Platz<\/p>\n<\/td>\n<\/tr>\n<tr>\n<td><b>Dur\u00e9e<\/b><\/td>\n<td>max. 2 heures<\/td>\n<\/tr>\n<tr>\n<td><b>Tarif<\/b><\/td>\n<td>\n<p class=\"p1\"><span class=\"s1\">210,00 \u20ac \/ Groupe &#8211; 19% TVA inclue.<br \/>\nplus tickets d&#8217;entr\u00e9es\u00a0(entr\u00e9e gratuite pour les moins de 18 ans)<\/span><a href=\"http:\/\/www.residenz-muenchen.de\"><span class=\"s1\"><br \/>\nwww.residenz-muenchen.de<\/span><\/a><\/p>\n<\/td>\n<\/tr>\n<tr>\n<td><strong>Nombre de participants<\/strong><\/td>\n<td>\n<p class=\"p1\"><span class=\"s1\">max. 20 personnes\u00a0<\/span><\/p>\n<\/td>\n<\/tr>\n<\/tbody>\n<\/table>\n<p>&nbsp;<\/p>\n","protected":false},"excerpt":{"rendered":"<p>La R\u00e9sidence &#8211; Le palais des Wittelsbachs Construite sur plus de quatre si\u00e8cles ce palais est jusqu&#8217;en 1919 r\u00e9sidence munichoise. C&#8217;est dans ce palais que se jouera 450 ans de la vie des Wittelsbachs et de la Bavi\u00e8re. La R\u00e9sidence provoque \u00e0 son \u00e9poque la jalousie des empereurs et rois d&#8217;Europe. Certains l&#8217;admire et veulent<\/p>\n<div class=\"padding-top text-center\"><a href=\"https:\/\/www.wunder-der-stadt.com\/fr\/tours\/pour-groupes-scolaires-la-residence-450-ans-de-la-vie-des-wittelsbachs\/\" class=\"atbtn atbtn--medium atbtn--rounded atbtn--transparent\">Weiterlesen<i class=\"atbtn__icon atbtn__icon--right fa fa-long-arrow-right\"><\/i><\/a><\/div>\n","protected":false},"featured_media":1583,"template":"","meta":[],"product_cat":[103],"product_tag":[100],"translation":{"provider":"WPGlobus","version":"3.0.2","language":"fr","enabled_languages":["de","en","fr","es"],"languages":{"de":{"title":true,"content":true,"excerpt":false},"en":{"title":false,"content":false,"excerpt":false},"fr":{"title":false,"content":false,"excerpt":false},"es":{"title":false,"content":false,"excerpt":false}}},"yoast_head":"<!-- This site is optimized with the Yoast SEO plugin v22.0 - https:\/\/yoast.com\/wordpress\/plugins\/seo\/ -->\n<title>R\u00e9sidence - Le palais des Wittelsbachs<\/title>\n<meta name=\"robots\" content=\"index, follow, max-snippet:-1, max-image-preview:large, max-video-preview:-1\" \/>\n<link rel=\"canonical\" href=\"https:\/\/www.wunder-der-stadt.com\/tours\/pour-groupes-scolaires-la-residence-450-ans-de-la-vie-des-wittelsbachs\/\" \/>\n<meta property=\"og:locale\" content=\"fr_FR\" \/>\n<meta property=\"og:type\" content=\"article\" \/>\n<meta property=\"og:title\" content=\"Pour groupes scolaires : La R\u00e9sidence - 450 ans de la vie des Wittelsbachs - Wunder der Stadt - Visites guid\u00e9es \u00e0 Munich et en Bavi\u00e8re\" \/>\n<meta property=\"og:url\" content=\"https:\/\/www.wunder-der-stadt.com\/tours\/pour-groupes-scolaires-la-residence-450-ans-de-la-vie-des-wittelsbachs\/\" \/>\n<meta property=\"og:site_name\" content=\"Wunder der Stadt - Visites guid\u00e9es \u00e0 Munich et en Bavi\u00e8re\" \/>\n<meta property=\"article:modified_time\" content=\"2026-01-10T15:52:47+00:00\" \/>\n<meta property=\"og:image\" content=\"https:\/\/www.wunder-der-stadt.com\/wp-content\/uploads\/Banner_Koenigsbau_der_Residenz-Foto_Fritz_Mader.jpg\" \/>\n\t<meta property=\"og:image:width\" content=\"1400\" \/>\n\t<meta property=\"og:image:height\" content=\"600\" \/>\n\t<meta property=\"og:image:type\" content=\"image\/jpeg\" \/>\n<meta name=\"twitter:card\" content=\"summary_large_image\" \/>\n<meta name=\"twitter:label1\" content=\"Est. reading time\" \/>\n\t<meta name=\"twitter:data1\" content=\"2 minutes\" \/>\n<script type=\"application\/ld+json\" class=\"yoast-schema-graph\">{\"@context\":\"https:\/\/schema.org\",\"@graph\":[{\"@type\":\"WebPage\",\"@id\":\"https:\/\/www.wunder-der-stadt.com\/tours\/pour-groupes-scolaires-la-residence-450-ans-de-la-vie-des-wittelsbachs\/\",\"url\":\"https:\/\/www.wunder-der-stadt.com\/tours\/pour-groupes-scolaires-la-residence-450-ans-de-la-vie-des-wittelsbachs\/\",\"name\":\"R\u00e9sidence - Le palais des Wittelsbachs\",\"isPartOf\":{\"@id\":\"https:\/\/www.wunder-der-stadt.com\/#website\"},\"datePublished\":\"2024-01-04T15:04:15+00:00\",\"dateModified\":\"2026-01-10T15:52:47+00:00\",\"description\":\"La R\u00e9sidence - Le palais de la famille des Wittelsbachs a \u00e9t\u00e9 jusqu'en 1919 r\u00e9sidence munichoise des rois de Bavi\u00e8re\",\"breadcrumb\":{\"@id\":\"https:\/\/www.wunder-der-stadt.com\/tours\/pour-groupes-scolaires-la-residence-450-ans-de-la-vie-des-wittelsbachs\/#breadcrumb\"},\"inLanguage\":\"fr-FR\",\"potentialAction\":[{\"@type\":\"ReadAction\",\"target\":[\"https:\/\/www.wunder-der-stadt.com\/tours\/pour-groupes-scolaires-la-residence-450-ans-de-la-vie-des-wittelsbachs\/\"]}]},{\"@type\":\"BreadcrumbList\",\"@id\":\"https:\/\/www.wunder-der-stadt.com\/tours\/pour-groupes-scolaires-la-residence-450-ans-de-la-vie-des-wittelsbachs\/#breadcrumb\",\"itemListElement\":[{\"@type\":\"ListItem\",\"position\":1,\"name\":\"Startseite\",\"item\":\"https:\/\/www.wunder-der-stadt.com\/\"},{\"@type\":\"ListItem\",\"position\":2,\"name\":\"Produkte\",\"item\":\"https:\/\/www.wunder-der-stadt.com\/shop\/\"},{\"@type\":\"ListItem\",\"position\":3,\"name\":\"Pour groupes scolaires : La R\u00e9sidence &#8211; 450 ans de la vie des Wittelsbachs\"}]},{\"@type\":\"WebSite\",\"@id\":\"https:\/\/www.wunder-der-stadt.com\/#website\",\"url\":\"https:\/\/www.wunder-der-stadt.com\/\",\"name\":\"{:de}Wunder der Stadt - Stadtf\u00fchrungen in M\u00fcnchen und Oberbayern{:}{:fr}Wunder der Stadt - Visites guid\u00e9es \u00e0 Munich et en Bavi\u00e8re{:}\",\"description\":\"Votre partenaire pour vos voyages d&#039;affaires, voyages priv\u00e9s \u00e0 Munich et en Bavi\u00e8re\",\"publisher\":{\"@id\":\"https:\/\/www.wunder-der-stadt.com\/#\/schema\/person\/7ac5370c8e8a38b0625e279f3af2d701\"},\"potentialAction\":[{\"@type\":\"SearchAction\",\"target\":{\"@type\":\"EntryPoint\",\"urlTemplate\":\"https:\/\/www.wunder-der-stadt.com\/?s={search_term_string}\"},\"query-input\":\"required name=search_term_string\"}],\"inLanguage\":\"fr-FR\"},{\"@type\":[\"Person\",\"Organization\"],\"@id\":\"https:\/\/www.wunder-der-stadt.com\/#\/schema\/person\/7ac5370c8e8a38b0625e279f3af2d701\",\"name\":\"Admin\",\"logo\":{\"@id\":\"https:\/\/www.wunder-der-stadt.com\/#\/schema\/person\/image\/\"}}]}<\/script>\n<!-- \/ Yoast SEO plugin. -->","yoast_head_json":{"title":"R\u00e9sidence - Le palais des Wittelsbachs","robots":{"index":"index","follow":"follow","max-snippet":"max-snippet:-1","max-image-preview":"max-image-preview:large","max-video-preview":"max-video-preview:-1"},"canonical":"https:\/\/www.wunder-der-stadt.com\/tours\/pour-groupes-scolaires-la-residence-450-ans-de-la-vie-des-wittelsbachs\/","og_locale":"fr_FR","og_type":"article","og_title":"Pour groupes scolaires : La R\u00e9sidence - 450 ans de la vie des Wittelsbachs - Wunder der Stadt - Visites guid\u00e9es \u00e0 Munich et en Bavi\u00e8re","og_url":"https:\/\/www.wunder-der-stadt.com\/tours\/pour-groupes-scolaires-la-residence-450-ans-de-la-vie-des-wittelsbachs\/","og_site_name":"Wunder der Stadt - Visites guid\u00e9es \u00e0 Munich et en Bavi\u00e8re","article_modified_time":"2026-01-10T15:52:47+00:00","og_image":[{"width":1400,"height":600,"url":"https:\/\/www.wunder-der-stadt.com\/wp-content\/uploads\/Banner_Koenigsbau_der_Residenz-Foto_Fritz_Mader.jpg","type":"image\/jpeg"}],"twitter_card":"summary_large_image","twitter_misc":{"Est. reading time":"2 minutes"},"schema":{"@context":"https:\/\/schema.org","@graph":[{"@type":"WebPage","@id":"https:\/\/www.wunder-der-stadt.com\/tours\/pour-groupes-scolaires-la-residence-450-ans-de-la-vie-des-wittelsbachs\/","url":"https:\/\/www.wunder-der-stadt.com\/tours\/pour-groupes-scolaires-la-residence-450-ans-de-la-vie-des-wittelsbachs\/","name":"R\u00e9sidence - Le palais des Wittelsbachs","isPartOf":{"@id":"https:\/\/www.wunder-der-stadt.com\/#website"},"datePublished":"2024-01-04T15:04:15+00:00","dateModified":"2026-01-10T15:52:47+00:00","description":"La R\u00e9sidence - Le palais de la famille des Wittelsbachs a \u00e9t\u00e9 jusqu'en 1919 r\u00e9sidence munichoise des rois de Bavi\u00e8re","breadcrumb":{"@id":"https:\/\/www.wunder-der-stadt.com\/tours\/pour-groupes-scolaires-la-residence-450-ans-de-la-vie-des-wittelsbachs\/#breadcrumb"},"inLanguage":"fr-FR","potentialAction":[{"@type":"ReadAction","target":["https:\/\/www.wunder-der-stadt.com\/tours\/pour-groupes-scolaires-la-residence-450-ans-de-la-vie-des-wittelsbachs\/"]}]},{"@type":"BreadcrumbList","@id":"https:\/\/www.wunder-der-stadt.com\/tours\/pour-groupes-scolaires-la-residence-450-ans-de-la-vie-des-wittelsbachs\/#breadcrumb","itemListElement":[{"@type":"ListItem","position":1,"name":"Startseite","item":"https:\/\/www.wunder-der-stadt.com\/"},{"@type":"ListItem","position":2,"name":"Produkte","item":"https:\/\/www.wunder-der-stadt.com\/shop\/"},{"@type":"ListItem","position":3,"name":"Pour groupes scolaires : La R\u00e9sidence &#8211; 450 ans de la vie des Wittelsbachs"}]},{"@type":"WebSite","@id":"https:\/\/www.wunder-der-stadt.com\/#website","url":"https:\/\/www.wunder-der-stadt.com\/","name":"{:de}Wunder der Stadt - Stadtf\u00fchrungen in M\u00fcnchen und Oberbayern{:}{:fr}Wunder der Stadt - Visites guid\u00e9es \u00e0 Munich et en Bavi\u00e8re{:}","description":"Votre partenaire pour vos voyages d&#039;affaires, voyages priv\u00e9s \u00e0 Munich et en Bavi\u00e8re","publisher":{"@id":"https:\/\/www.wunder-der-stadt.com\/#\/schema\/person\/7ac5370c8e8a38b0625e279f3af2d701"},"potentialAction":[{"@type":"SearchAction","target":{"@type":"EntryPoint","urlTemplate":"https:\/\/www.wunder-der-stadt.com\/?s={search_term_string}"},"query-input":"required name=search_term_string"}],"inLanguage":"fr-FR"},{"@type":["Person","Organization"],"@id":"https:\/\/www.wunder-der-stadt.com\/#\/schema\/person\/7ac5370c8e8a38b0625e279f3af2d701","name":"Admin","logo":{"@id":"https:\/\/www.wunder-der-stadt.com\/#\/schema\/person\/image\/"}}]}},"_links":{"self":[{"href":"https:\/\/www.wunder-der-stadt.com\/fr\/wp-json\/wp\/v2\/product\/2518"}],"collection":[{"href":"https:\/\/www.wunder-der-stadt.com\/fr\/wp-json\/wp\/v2\/product"}],"about":[{"href":"https:\/\/www.wunder-der-stadt.com\/fr\/wp-json\/wp\/v2\/types\/product"}],"wp:featuredmedia":[{"embeddable":true,"href":"https:\/\/www.wunder-der-stadt.com\/fr\/wp-json\/wp\/v2\/media\/1583"}],"wp:attachment":[{"href":"https:\/\/www.wunder-der-stadt.com\/fr\/wp-json\/wp\/v2\/media?parent=2518"}],"wp:term":[{"taxonomy":"product_cat","embeddable":true,"href":"https:\/\/www.wunder-der-stadt.com\/fr\/wp-json\/wp\/v2\/product_cat?post=2518"},{"taxonomy":"product_tag","embeddable":true,"href":"https:\/\/www.wunder-der-stadt.com\/fr\/wp-json\/wp\/v2\/product_tag?post=2518"}],"curies":[{"name":"wp","href":"https:\/\/api.w.org\/{rel}","templated":true}]}}