{"id":2519,"date":"2024-01-04T16:19:46","date_gmt":"2024-01-04T15:19:46","guid":{"rendered":"https:\/\/www.wunder-der-stadt.com\/?post_type=product&#038;p=2519"},"modified":"2026-01-10T16:52:04","modified_gmt":"2026-01-10T15:52:04","slug":"pour-groupes-scolaires-les-chateaux-de-nymphenbourg-et-damalienbourg","status":"publish","type":"product","link":"https:\/\/www.wunder-der-stadt.com\/fr\/tours\/pour-groupes-scolaires-les-chateaux-de-nymphenbourg-et-damalienbourg\/","title":{"rendered":"Pour groupes scolaires : Les ch\u00e2teaux de Nymphenbourg et d&#8217;Amalienbourg"},"content":{"rendered":"<p><strong><span style=\"font-size: 14pt;\">Les ch\u00e2teaux de Nymphenbourg et d&#8217;Amalienbourg&#8230;<\/span><\/strong><\/p>\n<p>tr\u00e9sors du baroque et du rococo bavarois et cadeaux somptueux des princes de Bavi\u00e8re \u00e0 leurs femmes.<\/p>\n<p>L\u2019histoire de Nymphenburg est aussi l\u2019histoire d\u2019une princesse fran\u00e7aise \u2013 Henriette-Ad\u00e9la\u00efde de Savoie-Pi\u00e9mont. Petite fille du roi de France Henri IV et de Marie de M\u00e9dicis, ni\u00e8ce de Louis XIII et cousine du roi soleil Louis XIV, Henriette est membre de la plus haute noblesse europ\u00e9enne. Un tr\u00e8s bon parti pour le prince \u00e9lecteur de Bavi\u00e8re Ferdinand-Maria de Wittelsbach avec qui elle sera fianc\u00e9e \u00e0 l\u2019\u00e2ge de 14 ans avant d\u2019\u00eatre mari\u00e9e par procuration \u00e0 l\u2019\u00e2ge de 15 ans. Un an plus tard elle arrive \u00e0 Munich sans conna\u00eetre ni son mari, ni son nouveau pays.<\/p>\n<p><strong><span style=\"font-size: 14pt;\">Le baroque dans sa valise&#8230;<\/span><\/strong><\/p>\n<p>Mais bien d\u00e9cid\u00e9e \u00e0 faire \u00e9voluer la cour de Bavi\u00e8re et elle apporte dans ses valises les arts de l\u2019\u00e9poque baroque \u2013 la peinture, la musique et l\u2019architecture. C&#8217;est une petite r\u00e9volution culturelle et artistique qui arrive avec cette jeune princesse \u00e0 <a href=\"https:\/\/www.wunder-der-stadt.com\/fr\/tours\/munich-860-ans-dhistoire-en-2-heures-de-visite\/\">Munich<\/a> !<\/p>\n<p>Le palais de Nymphenburg fut \u00e9galement le lieu de r\u00e9sidence de l&#8217;empeure Napol\u00e9on lors de son passage \u00e0 Munich au d\u00e9but du XIX\u00e8me si\u00e8cle. C&#8217;est aussi \u00e0 Nymphenburg que la reine Marie donna naissance au futur roi Louis II. Celui-ci fera construire plus tard le c\u00e9l\u00e8bre ch\u00e2teau de Neuschwanstein !<\/p>\n<p>Tout l\u2019\u00e9t\u00e9, du mois d&#8217;avril jusqu&#8217;au 15 octobre, les pavillons du jardin sont ouverts au public. \u00a0Amalienbourg, le pavillon de chasse de l&#8217;imp\u00e9ratrice Am\u00e9lie &#8211; nous invite \u00e0 une petite promenade dans le parc du ch\u00e2teau. Nous partons \u00e0 la d\u00e9couverte d&#8217;un petit trianon somptueux r\u00e9alis\u00e9 par le grand ma\u00eetre du rococo bavarois Fran\u00e7ois Cuvilli\u00e9s !<\/p>\n<p><strong>Vos \u00e9l\u00e8ves veulent s\u2019amuser et apprendre, nous les ferons rire et ils se souviendrons de Munich<\/strong> avec cette visite guid\u00e9e en fran\u00e7ais des ch\u00e2teaux de Nymphenbourg et d&#8217;Amalienbourg.<\/p>\n<p>Visite recommand\u00e9e pour les <a href=\"https:\/\/www.wunder-der-stadt.com\/fr\/groupes-scolaires\/\">groupes-scolaires &#8211;<\/a> Tarif sp\u00e9cial et entr\u00e9es gratuites dans les ch\u00e2teaux.<\/p>\n<p><!--more--><\/p>\n<table class=\"table table-bordered tours-tabs__table\" style=\"height: 233px;\" width=\"862\">\n<tbody>\n<tr>\n<td><strong>D\u00e9part<\/strong><\/td>\n<td>\n<p class=\"p1\">Entr\u00e9e du ch\u00e2teau de Nymphenbourg<\/p>\n<\/td>\n<\/tr>\n<tr>\n<td><b>Dur\u00e9e<\/b><\/td>\n<td>max. 2 heures<\/td>\n<\/tr>\n<tr>\n<td><b>Tarif<\/b><\/td>\n<td>\n<p class=\"p1\"><span class=\"s1\">210,00 \u20ac \/ Groupe &#8211; 19% TVA inclue.<br \/>\nentr\u00e9e gratuite dans le ch\u00e2eau pour les moins de 18 ans<\/span><\/p>\n<p class=\"p1\"><a href=\"http:\/\/www.schloss-nymphenburg.de\/deutsch\/schloss\/index.htm\"><span class=\"s1\">www.schloss-nymphenburg.de\/deutsch\/schloss\/index.htm<\/span><\/a><\/p>\n<\/td>\n<\/tr>\n<tr>\n<td><strong>Nombre de participants<\/strong><\/td>\n<td>\n<p class=\"p1\"><span class=\"s1\">max. 20 personnes<\/span><\/p>\n<\/td>\n<\/tr>\n<\/tbody>\n<\/table>\n<p>&nbsp;<\/p>\n","protected":false},"excerpt":{"rendered":"<p>Visite guid\u00e9e en francais des ch\u00e2teaus de Nymphenburg et Amalienburg.<\/p>\n","protected":false},"featured_media":2521,"template":"","meta":[],"product_cat":[103],"product_tag":[186,187,130,185,100,159],"translation":{"provider":"WPGlobus","version":"3.0.2","language":"fr","enabled_languages":["de","en","fr","es"],"languages":{"de":{"title":true,"content":true,"excerpt":true},"en":{"title":false,"content":false,"excerpt":false},"fr":{"title":false,"content":false,"excerpt":false},"es":{"title":false,"content":false,"excerpt":false}}},"yoast_head":"<!-- This site is optimized with the Yoast SEO plugin v22.0 - https:\/\/yoast.com\/wordpress\/plugins\/seo\/ -->\n<title>Visite guid\u00e9e des ch\u00e2teaus de Nymphenburg et d&#039;Amalienburg<\/title>\n<meta name=\"robots\" content=\"index, follow, max-snippet:-1, max-image-preview:large, max-video-preview:-1\" \/>\n<link rel=\"canonical\" href=\"https:\/\/www.wunder-der-stadt.com\/tours\/pour-groupes-scolaires-les-chateaux-de-nymphenbourg-et-damalienbourg\/\" \/>\n<meta property=\"og:locale\" content=\"fr_FR\" \/>\n<meta property=\"og:type\" content=\"article\" \/>\n<meta property=\"og:title\" content=\"Pour groupes scolaires : Les ch\u00e2teaux de Nymphenbourg et d&#039;Amalienbourg - Wunder der Stadt - Visites guid\u00e9es \u00e0 Munich et en Bavi\u00e8re\" \/>\n<meta property=\"og:url\" content=\"https:\/\/www.wunder-der-stadt.com\/tours\/pour-groupes-scolaires-les-chateaux-de-nymphenbourg-et-damalienbourg\/\" \/>\n<meta property=\"og:site_name\" content=\"Wunder der Stadt - Visites guid\u00e9es \u00e0 Munich et en Bavi\u00e8re\" \/>\n<meta property=\"article:modified_time\" content=\"2026-01-10T15:52:04+00:00\" \/>\n<meta property=\"og:image\" content=\"https:\/\/www.wunder-der-stadt.com\/wp-content\/uploads\/Nympenbourg-Munich.jpg\" \/>\n\t<meta property=\"og:image:width\" content=\"1622\" \/>\n\t<meta property=\"og:image:height\" content=\"912\" \/>\n\t<meta property=\"og:image:type\" content=\"image\/jpeg\" \/>\n<meta name=\"twitter:card\" content=\"summary_large_image\" \/>\n<meta name=\"twitter:label1\" content=\"Est. reading time\" \/>\n\t<meta name=\"twitter:data1\" content=\"3 minutes\" \/>\n<script type=\"application\/ld+json\" class=\"yoast-schema-graph\">{\"@context\":\"https:\/\/schema.org\",\"@graph\":[{\"@type\":\"WebPage\",\"@id\":\"https:\/\/www.wunder-der-stadt.com\/tours\/pour-groupes-scolaires-les-chateaux-de-nymphenbourg-et-damalienbourg\/\",\"url\":\"https:\/\/www.wunder-der-stadt.com\/tours\/pour-groupes-scolaires-les-chateaux-de-nymphenbourg-et-damalienbourg\/\",\"name\":\"Visite guid\u00e9e des ch\u00e2teaus de Nymphenburg et d'Amalienburg\",\"isPartOf\":{\"@id\":\"https:\/\/www.wunder-der-stadt.com\/#website\"},\"datePublished\":\"2024-01-04T15:19:46+00:00\",\"dateModified\":\"2026-01-10T15:52:04+00:00\",\"description\":\"Les ch\u00e2teaux de Nymphenbourg et d'Amalienbourg, tr\u00e9sors baroque et rococo bavarois et cadeaux somptueux des princes de Bavi\u00e8re \u00e0 leurs femmes\",\"breadcrumb\":{\"@id\":\"https:\/\/www.wunder-der-stadt.com\/tours\/pour-groupes-scolaires-les-chateaux-de-nymphenbourg-et-damalienbourg\/#breadcrumb\"},\"inLanguage\":\"fr-FR\",\"potentialAction\":[{\"@type\":\"ReadAction\",\"target\":[\"https:\/\/www.wunder-der-stadt.com\/tours\/pour-groupes-scolaires-les-chateaux-de-nymphenbourg-et-damalienbourg\/\"]}]},{\"@type\":\"BreadcrumbList\",\"@id\":\"https:\/\/www.wunder-der-stadt.com\/tours\/pour-groupes-scolaires-les-chateaux-de-nymphenbourg-et-damalienbourg\/#breadcrumb\",\"itemListElement\":[{\"@type\":\"ListItem\",\"position\":1,\"name\":\"Startseite\",\"item\":\"https:\/\/www.wunder-der-stadt.com\/\"},{\"@type\":\"ListItem\",\"position\":2,\"name\":\"Produkte\",\"item\":\"https:\/\/www.wunder-der-stadt.com\/shop\/\"},{\"@type\":\"ListItem\",\"position\":3,\"name\":\"Pour groupes scolaires : Les ch\u00e2teaux de Nymphenbourg et d&#8217;Amalienbourg\"}]},{\"@type\":\"WebSite\",\"@id\":\"https:\/\/www.wunder-der-stadt.com\/#website\",\"url\":\"https:\/\/www.wunder-der-stadt.com\/\",\"name\":\"{:de}Wunder der Stadt - Stadtf\u00fchrungen in M\u00fcnchen und Oberbayern{:}{:fr}Wunder der Stadt - Visites guid\u00e9es \u00e0 Munich et en Bavi\u00e8re{:}\",\"description\":\"Votre partenaire pour vos voyages d&#039;affaires, voyages priv\u00e9s \u00e0 Munich et en Bavi\u00e8re\",\"publisher\":{\"@id\":\"https:\/\/www.wunder-der-stadt.com\/#\/schema\/person\/7ac5370c8e8a38b0625e279f3af2d701\"},\"potentialAction\":[{\"@type\":\"SearchAction\",\"target\":{\"@type\":\"EntryPoint\",\"urlTemplate\":\"https:\/\/www.wunder-der-stadt.com\/?s={search_term_string}\"},\"query-input\":\"required name=search_term_string\"}],\"inLanguage\":\"fr-FR\"},{\"@type\":[\"Person\",\"Organization\"],\"@id\":\"https:\/\/www.wunder-der-stadt.com\/#\/schema\/person\/7ac5370c8e8a38b0625e279f3af2d701\",\"name\":\"Admin\",\"logo\":{\"@id\":\"https:\/\/www.wunder-der-stadt.com\/#\/schema\/person\/image\/\"}}]}<\/script>\n<!-- \/ Yoast SEO plugin. -->","yoast_head_json":{"title":"Visite guid\u00e9e des ch\u00e2teaus de Nymphenburg et d'Amalienburg","robots":{"index":"index","follow":"follow","max-snippet":"max-snippet:-1","max-image-preview":"max-image-preview:large","max-video-preview":"max-video-preview:-1"},"canonical":"https:\/\/www.wunder-der-stadt.com\/tours\/pour-groupes-scolaires-les-chateaux-de-nymphenbourg-et-damalienbourg\/","og_locale":"fr_FR","og_type":"article","og_title":"Pour groupes scolaires : Les ch\u00e2teaux de Nymphenbourg et d'Amalienbourg - Wunder der Stadt - Visites guid\u00e9es \u00e0 Munich et en Bavi\u00e8re","og_url":"https:\/\/www.wunder-der-stadt.com\/tours\/pour-groupes-scolaires-les-chateaux-de-nymphenbourg-et-damalienbourg\/","og_site_name":"Wunder der Stadt - Visites guid\u00e9es \u00e0 Munich et en Bavi\u00e8re","article_modified_time":"2026-01-10T15:52:04+00:00","og_image":[{"width":1622,"height":912,"url":"https:\/\/www.wunder-der-stadt.com\/wp-content\/uploads\/Nympenbourg-Munich.jpg","type":"image\/jpeg"}],"twitter_card":"summary_large_image","twitter_misc":{"Est. reading time":"3 minutes"},"schema":{"@context":"https:\/\/schema.org","@graph":[{"@type":"WebPage","@id":"https:\/\/www.wunder-der-stadt.com\/tours\/pour-groupes-scolaires-les-chateaux-de-nymphenbourg-et-damalienbourg\/","url":"https:\/\/www.wunder-der-stadt.com\/tours\/pour-groupes-scolaires-les-chateaux-de-nymphenbourg-et-damalienbourg\/","name":"Visite guid\u00e9e des ch\u00e2teaus de Nymphenburg et d'Amalienburg","isPartOf":{"@id":"https:\/\/www.wunder-der-stadt.com\/#website"},"datePublished":"2024-01-04T15:19:46+00:00","dateModified":"2026-01-10T15:52:04+00:00","description":"Les ch\u00e2teaux de Nymphenbourg et d'Amalienbourg, tr\u00e9sors baroque et rococo bavarois et cadeaux somptueux des princes de Bavi\u00e8re \u00e0 leurs femmes","breadcrumb":{"@id":"https:\/\/www.wunder-der-stadt.com\/tours\/pour-groupes-scolaires-les-chateaux-de-nymphenbourg-et-damalienbourg\/#breadcrumb"},"inLanguage":"fr-FR","potentialAction":[{"@type":"ReadAction","target":["https:\/\/www.wunder-der-stadt.com\/tours\/pour-groupes-scolaires-les-chateaux-de-nymphenbourg-et-damalienbourg\/"]}]},{"@type":"BreadcrumbList","@id":"https:\/\/www.wunder-der-stadt.com\/tours\/pour-groupes-scolaires-les-chateaux-de-nymphenbourg-et-damalienbourg\/#breadcrumb","itemListElement":[{"@type":"ListItem","position":1,"name":"Startseite","item":"https:\/\/www.wunder-der-stadt.com\/"},{"@type":"ListItem","position":2,"name":"Produkte","item":"https:\/\/www.wunder-der-stadt.com\/shop\/"},{"@type":"ListItem","position":3,"name":"Pour groupes scolaires : Les ch\u00e2teaux de Nymphenbourg et d&#8217;Amalienbourg"}]},{"@type":"WebSite","@id":"https:\/\/www.wunder-der-stadt.com\/#website","url":"https:\/\/www.wunder-der-stadt.com\/","name":"{:de}Wunder der Stadt - Stadtf\u00fchrungen in M\u00fcnchen und Oberbayern{:}{:fr}Wunder der Stadt - Visites guid\u00e9es \u00e0 Munich et en Bavi\u00e8re{:}","description":"Votre partenaire pour vos voyages d&#039;affaires, voyages priv\u00e9s \u00e0 Munich et en Bavi\u00e8re","publisher":{"@id":"https:\/\/www.wunder-der-stadt.com\/#\/schema\/person\/7ac5370c8e8a38b0625e279f3af2d701"},"potentialAction":[{"@type":"SearchAction","target":{"@type":"EntryPoint","urlTemplate":"https:\/\/www.wunder-der-stadt.com\/?s={search_term_string}"},"query-input":"required name=search_term_string"}],"inLanguage":"fr-FR"},{"@type":["Person","Organization"],"@id":"https:\/\/www.wunder-der-stadt.com\/#\/schema\/person\/7ac5370c8e8a38b0625e279f3af2d701","name":"Admin","logo":{"@id":"https:\/\/www.wunder-der-stadt.com\/#\/schema\/person\/image\/"}}]}},"_links":{"self":[{"href":"https:\/\/www.wunder-der-stadt.com\/fr\/wp-json\/wp\/v2\/product\/2519"}],"collection":[{"href":"https:\/\/www.wunder-der-stadt.com\/fr\/wp-json\/wp\/v2\/product"}],"about":[{"href":"https:\/\/www.wunder-der-stadt.com\/fr\/wp-json\/wp\/v2\/types\/product"}],"wp:featuredmedia":[{"embeddable":true,"href":"https:\/\/www.wunder-der-stadt.com\/fr\/wp-json\/wp\/v2\/media\/2521"}],"wp:attachment":[{"href":"https:\/\/www.wunder-der-stadt.com\/fr\/wp-json\/wp\/v2\/media?parent=2519"}],"wp:term":[{"taxonomy":"product_cat","embeddable":true,"href":"https:\/\/www.wunder-der-stadt.com\/fr\/wp-json\/wp\/v2\/product_cat?post=2519"},{"taxonomy":"product_tag","embeddable":true,"href":"https:\/\/www.wunder-der-stadt.com\/fr\/wp-json\/wp\/v2\/product_tag?post=2519"}],"curies":[{"name":"wp","href":"https:\/\/api.w.org\/{rel}","templated":true}]}}